{"id":321,"date":"2026-04-13T13:10:56","date_gmt":"2026-04-13T13:10:56","guid":{"rendered":"https:\/\/gsplastics.gr\/wp\/?post_type=product&#038;p=321"},"modified":"2026-04-17T07:09:32","modified_gmt":"2026-04-17T07:09:32","slug":"%cf%84%cf%83%ce%ac%ce%bd%cf%84%ce%b1-%cf%86%ce%b1%ce%bd%ce%b5%ce%bb%ce%ac%ce%ba%ce%b9-%ce%b5%ce%bc%cf%80%ce%bf%cf%81%ce%af%ce%bf%cf%85-%cf%80%cf%81%ce%bf%cf%84%cf%85%cf%80%cf%89%ce%bc%ce%ad%ce%bd","status":"publish","type":"product","link":"https:\/\/gsplastics.gr\/?product=%cf%84%cf%83%ce%ac%ce%bd%cf%84%ce%b1-%cf%86%ce%b1%ce%bd%ce%b5%ce%bb%ce%ac%ce%ba%ce%b9-%ce%b5%ce%bc%cf%80%ce%bf%cf%81%ce%af%ce%bf%cf%85-%cf%80%cf%81%ce%bf%cf%84%cf%85%cf%80%cf%89%ce%bc%ce%ad%ce%bd","title":{"rendered":"\u03a4\u03c3\u03ac\u03bd\u03c4\u03b1 \u03c6\u03b1\u03bd\u03b5\u03bb\u03ac\u03ba\u03b9 \u03b5\u03bc\u03c0\u03bf\u03c1\u03af\u03bf\u03c5 &#8211; \u03c0\u03c1\u03bf\u03c4\u03c5\u03c0\u03c9\u03bc\u03ad\u03bd\u03b7"},"content":{"rendered":"<p>\u03a4\u03c3\u03ac\u03bd\u03c4\u03b5\u03c2 \u03c0\u03c1\u03bf\u03c4\u03c5\u03c0\u03c9\u03bc\u03ad\u03bd\u03b5\u03c2, \u03b3\u03b9\u03b1 \u03bc\u03b5\u03c4\u03b1\u03c6\u03bf\u03c1\u03ac \u03c0\u03c1\u03bf\u03ca\u03cc\u03bd\u03c4\u03c9\u03bd, \u03c3\u03b5 \u03b4\u03b9\u03ac\u03c6\u03bf\u03c1\u03b1 \u03c3\u03c7\u03ad\u03b4\u03b9\u03b1 \u03ba\u03b1\u03b9 \u03bc\u03b5\u03b3\u03ad\u03b8\u03b7.<\/p>\n<p>\u0395\u03be\u03c5\u03c0\u03b7\u03c1\u03b5\u03c4\u03bf\u03cd\u03bd \u03c4\u03b9\u03c2 \u03b2\u03b1\u03c3\u03b9\u03ba\u03ad\u03c2 \u03ba\u03b1\u03c4\u03b7\u03b3\u03bf\u03c1\u03af\u03b5\u03c2 \u03c4\u03bf\u03c5 \u03bb\u03b9\u03b1\u03bd\u03b9\u03ba\u03bf\u03cd \u03b5\u03bc\u03c0\u03bf\u03c1\u03af\u03bf\u03c5.<\/p>\n<div class=\"product-specs-minimal\">\n<table>\n<thead>\n<tr>\n<th>\u0394\u0399\u0391\u03a3\u03a4\u0391\u03a3\u0395\u0399\u03a3<\/th>\n<th>\u0395\u0399\u0394\u039f\u03a3<\/th>\n<th>\u039a\u0399\u039b\u0391<\/th>\n<\/tr>\n<\/thead>\n<tbody>\n<tr>\n<td>42\u00d745 cm<\/td>\n<td>\u0399\u03a7\u0398\u03a5\u039f\u03a0\u03a9\u039b\u0395\u0399\u039f\u03a5<\/td>\n<td>10<\/td>\n<\/tr>\n<tr>\n<td>48\u00d750 cm<\/td>\n<td>\u0399\u03a7\u0398\u03a5\u039f\u03a0\u03a9\u039b\u0395\u0399\u039f\u03a5<\/td>\n<td>10<\/td>\n<\/tr>\n<tr>\n<td>44\u00d745 cm<\/td>\n<td>\u039a\u03a1\u0395\u039f\u03a0\u03a9\u039b\u0395\u0399\u039f\u03a5<\/td>\n<td>10<\/td>\n<\/tr>\n<tr>\n<td>48\u00d750 cm<\/td>\n<td>\u039a\u03a1\u0395\u039f\u03a0\u03a9\u039b\u0395\u0399\u039f\u03a5<\/td>\n<td>10<\/td>\n<\/tr>\n<tr>\n<td>48\u00d760 cm<\/td>\n<td>\u039a\u03a1\u0395\u039f\u03a0\u03a9\u039b\u0395\u0399\u039f\u03a5<\/td>\n<td>10<\/td>\n<\/tr>\n<tr>\n<td>38\u00d740 cm<\/td>\n<td>SNACK<\/td>\n<td>10<\/td>\n<\/tr>\n<tr>\n<td>42\u00d745 cm<\/td>\n<td>SNACK<\/td>\n<td>10<\/td>\n<\/tr>\n<tr>\n<td>43\u00d750 cm<\/td>\n<td>GRILL<\/td>\n<td>10<\/td>\n<\/tr>\n<tr>\n<td>50\u00d750 cm<\/td>\n<td>GRILL<\/td>\n<td>10<\/td>\n<\/tr>\n<tr>\n<td>38\u00d740 cm<\/td>\n<td>\u03a6\u039f\u03a5\u03a1\u039d\u039f\u03a5<\/td>\n<td>10<\/td>\n<\/tr>\n<tr>\n<td>42\u00d745 cm<\/td>\n<td>\u03a6\u039f\u03a5\u03a1\u039d\u039f\u03a5<\/td>\n<td>10<\/td>\n<\/tr>\n<tr>\n<td>48\u00d750 cm<\/td>\n<td>\u03a6\u039f\u03a5\u03a1\u039d\u039f\u03a5<\/td>\n<td>10<\/td>\n<\/tr>\n<tr>\n<td>48\u00d760 cm<\/td>\n<td>\u03a6\u039f\u03a5\u03a1\u039d\u039f\u03a5<\/td>\n<td>10<\/td>\n<\/tr>\n<tr>\n<td>42\u00d745 cm<\/td>\n<td>\u03a6\u039f\u03a5\u03a1\u039d\u039f\u03a5 &#8211; \u0391\u03a1\u03a4\u039f\u03a0\u039f\u0399\u0399\u0391\u03a3<\/td>\n<td>10<\/td>\n<\/tr>\n<tr>\n<td>48\u00d750 cm<\/td>\n<td>\u03a6\u039f\u03a5\u03a1\u039d\u039f\u03a5 &#8211; \u0391\u03a1\u03a4\u039f\u03a0\u039f\u0399\u0399\u0391\u03a3<\/td>\n<td>10<\/td>\n<\/tr>\n<tr>\n<td>48\u00d760 cm<\/td>\n<td>\u03a6\u039f\u03a5\u03a1\u039d\u039f\u03a5 &#8211; \u0391\u03a1\u03a4\u039f\u03a0\u039f\u0399\u0399\u0391\u03a3<\/td>\n<td>10<\/td>\n<\/tr>\n<tr>\n<td>42\u00d745 cm<\/td>\n<td>\u039c\u0391\u039d\u0391\u0392\u0399\u039a\u0397\u03a3<\/td>\n<td>10<\/td>\n<\/tr>\n<tr>\n<td>48\u00d750 cm<\/td>\n<td>\u039c\u0391\u039d\u0391\u0392\u0399\u039a\u0397\u03a3<\/td>\n<td>10<\/td>\n<\/tr>\n<tr>\n<td>48\u00d760 cm<\/td>\n<td>\u039c\u0391\u039d\u0391\u0392\u0399\u039a\u0397\u03a3<\/td>\n<td>10<\/td>\n<\/tr>\n<tr>\n<td>30\u00d755 cm<\/td>\n<td>\u039a\u0391\u03a1\u03a0\u039f\u03a5\u0396\u0399<\/td>\n<td>10<\/td>\n<\/tr>\n<\/tbody>\n<\/table>\n<\/div>\n","protected":false},"excerpt":{"rendered":"<p>\u03a4\u03c3\u03ac\u03bd\u03c4\u03b5\u03c2 \u03c0\u03c1\u03bf\u03c4\u03c5\u03c0\u03c9\u03bc\u03ad\u03bd\u03b5\u03c2, \u03b3\u03b9\u03b1 \u03bc\u03b5\u03c4\u03b1\u03c6\u03bf\u03c1\u03ac \u03c0\u03c1\u03bf\u03ca\u03cc\u03bd\u03c4\u03c9\u03bd, \u03c3\u03b5 \u03b4\u03b9\u03ac\u03c6\u03bf\u03c1\u03b1 \u03c3\u03c7\u03ad\u03b4\u03b9\u03b1 \u03ba\u03b1\u03b9 \u03bc\u03b5\u03b3\u03ad\u03b8\u03b7. \u0395\u03be\u03c5\u03c0\u03b7\u03c1\u03b5\u03c4\u03bf\u03cd\u03bd \u03c4\u03b9\u03c2 \u03b2\u03b1\u03c3\u03b9\u03ba\u03ad\u03c2 \u03ba\u03b1\u03c4\u03b7\u03b3\u03bf\u03c1\u03af\u03b5\u03c2 \u03c4\u03bf\u03c5 \u03bb\u03b9\u03b1\u03bd\u03b9\u03ba\u03bf\u03cd \u03b5\u03bc\u03c0\u03bf\u03c1\u03af\u03bf\u03c5. \u0394\u0399\u0391\u03a3\u03a4\u0391\u03a3\u0395\u0399\u03a3 \u0395\u0399\u0394\u039f\u03a3 \u039a\u0399\u039b\u0391 42\u00d745 cm \u0399\u03a7\u0398\u03a5\u039f\u03a0\u03a9\u039b\u0395\u0399\u039f\u03a5 10 48\u00d750 cm \u0399\u03a7\u0398\u03a5\u039f\u03a0\u03a9\u039b\u0395\u0399\u039f\u03a5 10 44\u00d745 cm \u039a\u03a1\u0395\u039f\u03a0\u03a9\u039b\u0395\u0399\u039f\u03a5 10 48\u00d750 cm \u039a\u03a1\u0395\u039f\u03a0\u03a9\u039b\u0395\u0399\u039f\u03a5 10 48\u00d760 cm \u039a\u03a1\u0395\u039f\u03a0\u03a9\u039b\u0395\u0399\u039f\u03a5 10 38\u00d740 cm SNACK 10 42\u00d745 cm SNACK 10 43\u00d750 cm GRILL 10 50\u00d750 cm GRILL [&hellip;]<\/p>\n","protected":false},"featured_media":322,"template":"","meta":{"pagelayer_contact_templates":[],"_pagelayer_content":""},"product_brand":[],"product_cat":[37],"product_tag":[],"class_list":{"0":"post-321","1":"product","2":"type-product","3":"status-publish","4":"has-post-thumbnail","6":"product_cat--hdpe-ldpe","8":"first","9":"instock","10":"virtual","11":"product-type-simple"},"_links":{"self":[{"href":"https:\/\/gsplastics.gr\/index.php?rest_route=\/wp\/v2\/product\/321","targetHints":{"allow":["GET"]}}],"collection":[{"href":"https:\/\/gsplastics.gr\/index.php?rest_route=\/wp\/v2\/product"}],"about":[{"href":"https:\/\/gsplastics.gr\/index.php?rest_route=\/wp\/v2\/types\/product"}],"wp:featuredmedia":[{"embeddable":true,"href":"https:\/\/gsplastics.gr\/index.php?rest_route=\/wp\/v2\/media\/322"}],"wp:attachment":[{"href":"https:\/\/gsplastics.gr\/index.php?rest_route=%2Fwp%2Fv2%2Fmedia&parent=321"}],"wp:term":[{"taxonomy":"product_brand","embeddable":true,"href":"https:\/\/gsplastics.gr\/index.php?rest_route=%2Fwp%2Fv2%2Fproduct_brand&post=321"},{"taxonomy":"product_cat","embeddable":true,"href":"https:\/\/gsplastics.gr\/index.php?rest_route=%2Fwp%2Fv2%2Fproduct_cat&post=321"},{"taxonomy":"product_tag","embeddable":true,"href":"https:\/\/gsplastics.gr\/index.php?rest_route=%2Fwp%2Fv2%2Fproduct_tag&post=321"}],"curies":[{"name":"wp","href":"https:\/\/api.w.org\/{rel}","templated":true}]}}