{"id":448,"date":"2026-04-13T22:15:33","date_gmt":"2026-04-13T22:15:33","guid":{"rendered":"https:\/\/gsplastics.gr\/wp\/?post_type=product&#038;p=448"},"modified":"2026-04-17T07:08:18","modified_gmt":"2026-04-17T07:08:18","slug":"%cf%83%ce%ac%ce%ba%ce%bf%ce%b9-%cf%83%cf%85%cf%83%ce%ba%ce%b5%cf%85%ce%b1%cf%83%ce%af%ce%b1%cf%82-%cf%84%cf%81%ce%bf%cf%86%ce%af%ce%bc%cf%89%ce%bd-ldpe","status":"publish","type":"product","link":"https:\/\/gsplastics.gr\/?product=%cf%83%ce%ac%ce%ba%ce%bf%ce%b9-%cf%83%cf%85%cf%83%ce%ba%ce%b5%cf%85%ce%b1%cf%83%ce%af%ce%b1%cf%82-%cf%84%cf%81%ce%bf%cf%86%ce%af%ce%bc%cf%89%ce%bd-ldpe","title":{"rendered":"\u03a3\u03ac\u03ba\u03bf\u03b9 \u03c3\u03c5\u03c3\u03ba\u03b5\u03c5\u03b1\u03c3\u03af\u03b1\u03c2 \u03c4\u03c1\u03bf\u03c6\u03af\u03bc\u03c9\u03bd LDPE"},"content":{"rendered":"<p>\u03a3\u03b1\u03ba\u03bf\u03c5\u03bb\u03ac\u03ba\u03b9\u03b1 \u03b4\u03b9\u03ac\u03c6\u03b1\u03bd\u03b1 \u03ba\u03b1\u03c4\u03ac\u03bb\u03bb\u03b7\u03bb\u03b1 \u03b3\u03b9\u03b1 \u03c3\u03c5\u03c3\u03ba\u03b5\u03c5\u03b1\u03c3\u03af\u03b1 \u03b4\u03b9\u03b1\u03c6\u03cc\u03c1\u03c9\u03bd \u03b1\u03bd\u03c4\u03b9\u03ba\u03b5\u03b9\u03bc\u03ad\u03bd\u03c9\u03bd \u03cc\u03c0\u03c9\u03c2 \u03be\u03b7\u03c1\u03bf\u03cd\u03c2 \u03ba\u03b1\u03c1\u03c0\u03bf\u03cd\u03c2, \u03cc\u03c3\u03c0\u03c1\u03b9\u03b1, \u03c4\u03c1\u03cc\u03c6\u03b9\u03bc\u03b1, \u03c1\u03bf\u03cd\u03c7\u03b1 \u03ba\u03b1\u03b9 \u03ac\u03bb\u03bb\u03b5\u03c2 \u03c7\u03c1\u03ae\u03c3\u03b5\u03b9\u03c2.<\/p>\n<div class=\"product-specs-minimal\">\n<table>\n<thead>\n<tr>\n<th>\u0394\u0399\u0391\u03a3\u03a4\u0391\u03a3\u0395\u0399\u03a3<\/th>\n<th>\u039a\u0399\u039b\u0391<\/th>\n<\/tr>\n<\/thead>\n<tbody>\n<tr>\n<td>10\u00d715 cm<\/td>\n<td>20<\/td>\n<\/tr>\n<tr>\n<td>10\u00d720 cm<\/td>\n<td>20<\/td>\n<\/tr>\n<tr>\n<td>15\u00d720 cm<\/td>\n<td>25<\/td>\n<\/tr>\n<tr>\n<td>15\u00d725 cm<\/td>\n<td>25<\/td>\n<\/tr>\n<tr>\n<td>15\u00d730 cm<\/td>\n<td>25<\/td>\n<\/tr>\n<tr>\n<td>15\u00d735 cm<\/td>\n<td>25<\/td>\n<\/tr>\n<tr>\n<td>18\u00d725 cm<\/td>\n<td>25<\/td>\n<\/tr>\n<tr>\n<td>20\u00d725 cm<\/td>\n<td>25<\/td>\n<\/tr>\n<tr>\n<td>20\u00d730 cm<\/td>\n<td>25<\/td>\n<\/tr>\n<tr>\n<td>20\u00d735 cm<\/td>\n<td>25<\/td>\n<\/tr>\n<tr>\n<td>20\u00d740 cm<\/td>\n<td>25<\/td>\n<\/tr>\n<tr>\n<td>25\u00d730 cm<\/td>\n<td>25<\/td>\n<\/tr>\n<tr>\n<td>25\u00d735 cm<\/td>\n<td>25<\/td>\n<\/tr>\n<tr>\n<td>25\u00d740 cm<\/td>\n<td>25<\/td>\n<\/tr>\n<tr>\n<td>25\u00d745 cm<\/td>\n<td>25<\/td>\n<\/tr>\n<tr>\n<td>25\u00d750 cm<\/td>\n<td>25<\/td>\n<\/tr>\n<tr>\n<td>30\u00d735 cm<\/td>\n<td>25<\/td>\n<\/tr>\n<tr>\n<td>30\u00d740 cm<\/td>\n<td>25<\/td>\n<\/tr>\n<tr>\n<td>30\u00d745 cm<\/td>\n<td>25<\/td>\n<\/tr>\n<tr>\n<td>30\u00d750 cm<\/td>\n<td>25<\/td>\n<\/tr>\n<tr>\n<td>30\u00d760 cm<\/td>\n<td>25<\/td>\n<\/tr>\n<tr>\n<td>35\u00d740 cm<\/td>\n<td>25<\/td>\n<\/tr>\n<tr>\n<td>35\u00d745 cm<\/td>\n<td>25<\/td>\n<\/tr>\n<tr>\n<td>35\u00d750 cm<\/td>\n<td>25<\/td>\n<\/tr>\n<tr>\n<td>35\u00d760 cm<\/td>\n<td>25<\/td>\n<\/tr>\n<tr>\n<td>40\u00d745 cm<\/td>\n<td>25<\/td>\n<\/tr>\n<tr>\n<td>40\u00d750 cm<\/td>\n<td>25<\/td>\n<\/tr>\n<tr>\n<td>40\u00d760 cm<\/td>\n<td>25<\/td>\n<\/tr>\n<tr>\n<td>45\u00d760 cm<\/td>\n<td>25<\/td>\n<\/tr>\n<tr>\n<td>45\u00d765 cm<\/td>\n<td>25<\/td>\n<\/tr>\n<tr>\n<td>50\u00d760 cm<\/td>\n<td>20<\/td>\n<\/tr>\n<tr>\n<td>50\u00d770 cm<\/td>\n<td>20<\/td>\n<\/tr>\n<tr>\n<td>50\u00d780 cm<\/td>\n<td>20<\/td>\n<\/tr>\n<tr>\n<td>60\u00d780 cm<\/td>\n<td>20<\/td>\n<\/tr>\n<tr>\n<td>60\u00d790 cm<\/td>\n<td>20<\/td>\n<\/tr>\n<tr>\n<td>65\u00d790 cm<\/td>\n<td>20<\/td>\n<\/tr>\n<tr>\n<td>70\u00d7100 cm<\/td>\n<td>20<\/td>\n<\/tr>\n<tr>\n<td>70\u00d7130 cm<\/td>\n<td>20<\/td>\n<\/tr>\n<tr>\n<td>80\u00d7110 cm<\/td>\n<td>20<\/td>\n<\/tr>\n<\/tbody>\n<\/table>\n<\/div>\n","protected":false},"excerpt":{"rendered":"<p>\u03a3\u03b1\u03ba\u03bf\u03c5\u03bb\u03ac\u03ba\u03b9\u03b1 \u03b4\u03b9\u03ac\u03c6\u03b1\u03bd\u03b1 \u03ba\u03b1\u03c4\u03ac\u03bb\u03bb\u03b7\u03bb\u03b1 \u03b3\u03b9\u03b1 \u03c3\u03c5\u03c3\u03ba\u03b5\u03c5\u03b1\u03c3\u03af\u03b1 \u03b4\u03b9\u03b1\u03c6\u03cc\u03c1\u03c9\u03bd \u03b1\u03bd\u03c4\u03b9\u03ba\u03b5\u03b9\u03bc\u03ad\u03bd\u03c9\u03bd \u03cc\u03c0\u03c9\u03c2 \u03be\u03b7\u03c1\u03bf\u03cd\u03c2 \u03ba\u03b1\u03c1\u03c0\u03bf\u03cd\u03c2, \u03cc\u03c3\u03c0\u03c1\u03b9\u03b1, \u03c4\u03c1\u03cc\u03c6\u03b9\u03bc\u03b1, \u03c1\u03bf\u03cd\u03c7\u03b1 \u03ba\u03b1\u03b9 \u03ac\u03bb\u03bb\u03b5\u03c2 \u03c7\u03c1\u03ae\u03c3\u03b5\u03b9\u03c2. \u0394\u0399\u0391\u03a3\u03a4\u0391\u03a3\u0395\u0399\u03a3 \u039a\u0399\u039b\u0391 10\u00d715 cm 20 10\u00d720 cm 20 15\u00d720 cm 25 15\u00d725 cm 25 15\u00d730 cm 25 15\u00d735 cm 25 18\u00d725 cm 25 20\u00d725 cm 25 20\u00d730 cm 25 20\u00d735 cm 25 20\u00d740 cm 25 25\u00d730 cm 25 25\u00d735 [&hellip;]<\/p>\n","protected":false},"featured_media":450,"template":"","meta":{"pagelayer_contact_templates":[],"_pagelayer_content":""},"product_brand":[],"product_cat":[42],"product_tag":[],"class_list":{"0":"post-448","1":"product","2":"type-product","3":"status-publish","4":"has-post-thumbnail","6":"product_cat--ldpe--hdpe","8":"first","9":"instock","10":"virtual","11":"product-type-simple"},"_links":{"self":[{"href":"https:\/\/gsplastics.gr\/index.php?rest_route=\/wp\/v2\/product\/448","targetHints":{"allow":["GET"]}}],"collection":[{"href":"https:\/\/gsplastics.gr\/index.php?rest_route=\/wp\/v2\/product"}],"about":[{"href":"https:\/\/gsplastics.gr\/index.php?rest_route=\/wp\/v2\/types\/product"}],"wp:featuredmedia":[{"embeddable":true,"href":"https:\/\/gsplastics.gr\/index.php?rest_route=\/wp\/v2\/media\/450"}],"wp:attachment":[{"href":"https:\/\/gsplastics.gr\/index.php?rest_route=%2Fwp%2Fv2%2Fmedia&parent=448"}],"wp:term":[{"taxonomy":"product_brand","embeddable":true,"href":"https:\/\/gsplastics.gr\/index.php?rest_route=%2Fwp%2Fv2%2Fproduct_brand&post=448"},{"taxonomy":"product_cat","embeddable":true,"href":"https:\/\/gsplastics.gr\/index.php?rest_route=%2Fwp%2Fv2%2Fproduct_cat&post=448"},{"taxonomy":"product_tag","embeddable":true,"href":"https:\/\/gsplastics.gr\/index.php?rest_route=%2Fwp%2Fv2%2Fproduct_tag&post=448"}],"curies":[{"name":"wp","href":"https:\/\/api.w.org\/{rel}","templated":true}]}}